{"id":118,"date":"2025-01-06T20:50:49","date_gmt":"2025-01-06T20:50:49","guid":{"rendered":"https:\/\/husservicekalmarlan.com\/?page_id=118"},"modified":"2025-01-06T20:50:49","modified_gmt":"2025-01-06T20:50:49","slug":"onderhoud","status":"publish","type":"page","link":"https:\/\/husservicekalmarlan.com\/sv\/underhall\/","title":{"rendered":"underh\u00e5ll"},"content":{"rendered":"<div class=\"wpb-content-wrapper\"><div      class=\"vc_row wpb_row section vc_row-fluid\" style=' text-align:left;'><div class=\"full_section_inner clearfix\"><div class=\"wpb_column vc_column_container vc_col-sm-12\"><div class=\"vc_column-inner\"><div class=\"wpb_wrapper\"><div class=\"wpb_revslider_element wpb_content_element\">\n\t\t\t\t<p class=\"rs-p-wp-fix\"><\/p>\n\t\t\t\t<sr7-module data-alias=\"home-1\" data-id=\"2\" id=\"SR7_2_1\" class=\"rs-ov-hidden\" data-version=\"6.7.21\">\n\t\t\t\t\t<sr7-adjuster><\/sr7-adjuster>\n\t\t\t\t\t<sr7-content>\n\t\t\t\t\t\t<sr7-slide id=\"SR7_2_1-7\" data-key=\"7\">\n\t\t\t\t\t\t\t<sr7-txt id=\"SR7_2_1-7-1\" class=\"sr7-layer\">Hej, v\u00e4lkommen!<\/sr7-txt>\n\t\t\t\t\t\t\t<sr7-txt id=\"SR7_2_1-7-2\" class=\"sr7-layer\">HUSSERVICE KALMAR L\u00c4N<\/sr7-txt>\n\t\t\t\t\t\t\t<sr7-txt id=\"SR7_2_1-7-3\" class=\"sr7-layer\">Har du ett (fritids)hus i Sverige eller letar du efter en fastighet? Vi hj\u00e4lper dig g\u00e4rna med praktiska fr\u00e5gor. Till exempel att f\u00f6rvalta ditt hem i din fr\u00e5nvaro, hyra ut ditt fritidshus eller titta p\u00e5 ett potentiellt hem.\nVi arbetar i \u00f6stra delen av Sm\u00e5land: Kalmar l\u00e4n, \u00f6stra J\u00f6nk\u00f6pings l\u00e4n och Kronobergs l\u00e4n. <\/sr7-txt>\n\t\t\t\t\t\t\t<sr7-txt id=\"SR7_2_1-7-5\" class=\"sr7-layer\"><\/sr7-txt>\n\t\t\t\t\t\t<\/sr7-slide>\n\t\t\t\t\t\t<sr7-slide id=\"SR7_2_1-6\" data-key=\"6\">\n\t\t\t\t\t\t<\/sr7-slide>\n\t\t\t\t\t<\/sr7-content>\n\t\t\t\t\t<image_lists style=\"display:none\">\n\t\t\t\t\t\t<img data-src=\"\/\/husservicekalmarlan.com\/wp-content\/uploads\/2018\/03\/slider-1.png\" data-libid=\"61\" alt=\"s\" title=\"skjutreglage-1\" width=\"0\" height=\"0\" data-dbsrc=\"Ly9odXNzZXJ2aWNla2FsbWFybGFuLmNvbS93cC1jb250ZW50L3VwbG9hZHMvMjAxOC8wMy9zbGlkZXItMS5wbmc=\"\/>\n\t\t\t\t\t\t<img data-src=\"\/\/husservicekalmarlan.com\/wp-content\/uploads\/2018\/03\/slider-2.png\" data-libid=\"64\" width=\"0\" height=\"0\" data-dbsrc=\"Ly9odXNzZXJ2aWNla2FsbWFybGFuLmNvbS93cC1jb250ZW50L3VwbG9hZHMvMjAxOC8wMy9zbGlkZXItMi5wbmc=\"\/>\n\t\t\t\t\t\t<img data-src=\"\/\/husservicekalmarlan.com\/wp-content\/uploads\/2018\/03\/slider-3.png\" data-libid=\"65\" title=\"skjutreglage-3\" width=\"0\" height=\"0\" data-dbsrc=\"Ly9odXNzZXJ2aWNla2FsbWFybGFuLmNvbS93cC1jb250ZW50L3VwbG9hZHMvMjAxOC8wMy9zbGlkZXItMy5wbmc=\"\/>\n\t\t\t\t\t\t<img data-src=\"\/\/husservicekalmarlan.com\/wp-content\/uploads\/2018\/03\/slider-4.png\" data-libid=\"66\" alt=\"s\" title=\"slider-4\" width=\"0\" height=\"0\" data-dbsrc=\"Ly9odXNzZXJ2aWNla2FsbWFybGFuLmNvbS93cC1jb250ZW50L3VwbG9hZHMvMjAxOC8wMy9zbGlkZXItNC5wbmc=\"\/>\n\t\t\t\t\t\t<img data-src=\"\/\/husservicekalmarlan.com\/wp-content\/uploads\/2018\/03\/slider-5.png\" data-libid=\"67\" width=\"0\" height=\"0\" data-dbsrc=\"Ly9odXNzZXJ2aWNla2FsbWFybGFuLmNvbS93cC1jb250ZW50L3VwbG9hZHMvMjAxOC8wMy9zbGlkZXItNS5wbmc=\"\/>\n\t\t\t\t\t\t<img data-src=\"\/\/husservicekalmarlan.com\/wp-content\/uploads\/2018\/03\/slider-6.png\" data-libid=\"68\" alt=\"s\" title=\"slider-6\" width=\"0\" height=\"0\" data-dbsrc=\"Ly9odXNzZXJ2aWNla2FsbWFybGFuLmNvbS93cC1jb250ZW50L3VwbG9hZHMvMjAxOC8wMy9zbGlkZXItNi5wbmc=\"\/>\n\t\t\t\t\t\t<img data-src=\"\/\/husservicekalmarlan.com\/wp-content\/uploads\/2025\/02\/Bram3-e1738513244433.png\" data-libid=\"306\" data-lib=\"medialibrary\" title=\"Bram\" width=\"0\" height=\"0\" data-dbsrc=\"Ly9odXNzZXJ2aWNla2FsbWFybGFuLmNvbS93cC1jb250ZW50L3VwbG9hZHMvMjAyNS8wMi9CcmFtMy1lMTczODUxMzI0NDQzMy5wbmc=\"\/>\n\t\t\t\t\t<\/image_lists>\n\t\t\t\t<\/sr7-module>\n\t\t\t\t<script>\n\t\t\t\t\tSR7.PMH ??={}; SR7.PMH[\"SR7_2_1\"] = {cn:0,state:false,fn: function() { if (_tpt!==undefined && _tpt.prepareModuleHeight !== undefined) {  _tpt.prepareModuleHeight({id:\"SR7_2_1\",el:[820,820,768,960,720],type:'standard',shdw:'0',gh:[820,820,768,960,720],gw:[1440,1440,1024,778,480],vpt:['-100px&#039;,&#039;-100px&#039;,&#039;-100px&#039;,&#039;-100px&#039;,&#039;-100px'],size:{fullWidth:true, fullHeight:true},fho:'',mh:'0',onh:0,onw:0,bg:{color:'{\"orig\":\"transparent\",\"type\":\"solid\",\"string\":\"transparent\"}'},plType:'0',plColor:'#FFFFFF'});   SR7.PMH[\"SR7_2_1\"].state=true;} else if((SR7.PMH[\"SR7_2_1\"].cn++)<100)\tsetTimeout( SR7.PMH[\"SR7_2_1\"].fn,19);}};SR7.PMH[\"SR7_2_1\" ].fn();\n\t\t\t\t<\/script>\n<\/div><\/div><\/div><\/div><\/div><\/div>\n<\/div>","protected":false},"excerpt":{"rendered":"Hej, v\u00e4lkommen! HUSSERVICE KALMAR L\u00c4N Heb jij een (vakantie)huis in Zweden of ben je opzoek naar een woning? Wij ondersteunen je graag bij de praktische zaken. Denk hierbij aan het beheren van jouw woning bij afwezigheid, het verhuren van jouw vakantiehuis of het bezichtigen van...","protected":false},"author":1,"featured_media":0,"parent":0,"menu_order":0,"comment_status":"closed","ping_status":"closed","template":"landing_page.php","meta":{"footnotes":""},"class_list":["post-118","page","type-page","status-publish","hentry"],"_links":{"self":[{"href":"https:\/\/husservicekalmarlan.com\/sv\/wp-json\/wp\/v2\/pages\/118","targetHints":{"allow":["GET"]}}],"collection":[{"href":"https:\/\/husservicekalmarlan.com\/sv\/wp-json\/wp\/v2\/pages"}],"about":[{"href":"https:\/\/husservicekalmarlan.com\/sv\/wp-json\/wp\/v2\/types\/page"}],"author":[{"embeddable":true,"href":"https:\/\/husservicekalmarlan.com\/sv\/wp-json\/wp\/v2\/users\/1"}],"replies":[{"embeddable":true,"href":"https:\/\/husservicekalmarlan.com\/sv\/wp-json\/wp\/v2\/comments?post=118"}],"version-history":[{"count":4,"href":"https:\/\/husservicekalmarlan.com\/sv\/wp-json\/wp\/v2\/pages\/118\/revisions"}],"predecessor-version":[{"id":126,"href":"https:\/\/husservicekalmarlan.com\/sv\/wp-json\/wp\/v2\/pages\/118\/revisions\/126"}],"wp:attachment":[{"href":"https:\/\/husservicekalmarlan.com\/sv\/wp-json\/wp\/v2\/media?parent=118"}],"curies":[{"name":"wp","href":"https:\/\/api.w.org\/{rel}","templated":true}]}}